{"id":14004,"date":"2023-02-09T17:14:43","date_gmt":"2023-02-09T17:14:43","guid":{"rendered":"https:\/\/www.flobers.com\/media-center"},"modified":"2023-09-25T09:54:53","modified_gmt":"2023-09-25T09:54:53","slug":"media-center","status":"publish","type":"page","link":"https:\/\/www.flobers.com\/en\/resources\/media-center","title":{"rendered":"Media Center"},"content":{"rendered":"\t\t<div data-elementor-type=\"wp-page\" data-elementor-id=\"14004\" class=\"elementor elementor-14004 elementor-7414\" data-elementor-post-type=\"page\">\n\t\t\t\t\t\t\t\t\t<section class=\"elementor-section elementor-top-section elementor-element elementor-element-57b672e elementor-section-full_width elementor-section-height-min-height elementor-section-height-default elementor-section-items-middle\" data-id=\"57b672e\" data-element_type=\"section\" data-settings=\"{&quot;background_background&quot;:&quot;classic&quot;}\">\n\t\t\t\t\t\t<div class=\"elementor-container elementor-column-gap-no\">\n\t\t\t\t\t<div class=\"elementor-column elementor-col-100 elementor-top-column elementor-element elementor-element-9477fb2\" data-id=\"9477fb2\" data-element_type=\"column\">\n\t\t\t<div class=\"elementor-widget-wrap elementor-element-populated\">\n\t\t\t\t\t\t\t\t<div class=\"elementor-element elementor-element-8b448eb elementor-align-center elementor-widget elementor-widget-breadcrumbs\" data-id=\"8b448eb\" data-element_type=\"widget\" data-widget_type=\"breadcrumbs.default\">\n\t\t\t\t<div class=\"elementor-widget-container\">\n\t\t\t<p id=\"breadcrumbs\"><span><span><a href=\"https:\/\/www.flobers.com\/en\">INICIO<\/a><\/span><\/span><\/p>\t\t<\/div>\n\t\t\t\t<\/div>\n\t\t\t\t\t<\/div>\n\t\t<\/div>\n\t\t\t\t\t\t\t<\/div>\n\t\t<\/section>\n\t\t\t\t<section class=\"elementor-section elementor-top-section elementor-element elementor-element-8e8a042 elementor-section-boxed elementor-section-height-default elementor-section-height-default\" data-id=\"8e8a042\" data-element_type=\"section\">\n\t\t\t\t\t\t<div class=\"elementor-container elementor-column-gap-default\">\n\t\t\t\t\t<div class=\"elementor-column elementor-col-100 elementor-top-column elementor-element elementor-element-ea0cd0d\" data-id=\"ea0cd0d\" data-element_type=\"column\">\n\t\t\t<div class=\"elementor-widget-wrap elementor-element-populated\">\n\t\t\t\t\t\t\t\t<div class=\"elementor-element elementor-element-83919af elementor-widget elementor-widget-spacer\" data-id=\"83919af\" data-element_type=\"widget\" data-widget_type=\"spacer.default\">\n\t\t\t\t<div class=\"elementor-widget-container\">\n\t\t\t\t\t<div class=\"elementor-spacer\">\n\t\t\t<div class=\"elementor-spacer-inner\"><\/div>\n\t\t<\/div>\n\t\t\t\t<\/div>\n\t\t\t\t<\/div>\n\t\t\t\t\t<\/div>\n\t\t<\/div>\n\t\t\t\t\t\t\t<\/div>\n\t\t<\/section>\n\t\t\t\t<section class=\"elementor-section elementor-top-section elementor-element elementor-element-8e0182e elementor-section-boxed elementor-section-height-default elementor-section-height-default elementor-invisible\" data-id=\"8e0182e\" data-element_type=\"section\" data-settings=\"{&quot;animation&quot;:&quot;fadeInUp&quot;}\">\n\t\t\t\t\t\t<div class=\"elementor-container elementor-column-gap-default\">\n\t\t\t\t\t<div class=\"elementor-column elementor-col-100 elementor-top-column elementor-element elementor-element-cb1f5f1\" data-id=\"cb1f5f1\" data-element_type=\"column\">\n\t\t\t<div class=\"elementor-widget-wrap elementor-element-populated\">\n\t\t\t\t\t\t\t\t<section class=\"elementor-section elementor-inner-section elementor-element elementor-element-8148af8 elementor-section-boxed elementor-section-height-default elementor-section-height-default\" data-id=\"8148af8\" data-element_type=\"section\">\n\t\t\t\t\t\t<div class=\"elementor-container elementor-column-gap-default\">\n\t\t\t\t\t<div class=\"elementor-column elementor-col-50 elementor-inner-column elementor-element elementor-element-3ddb14e\" data-id=\"3ddb14e\" data-element_type=\"column\">\n\t\t\t<div class=\"elementor-widget-wrap elementor-element-populated\">\n\t\t\t\t\t\t\t\t<div class=\"elementor-element elementor-element-9ca71e4 elementor-widget elementor-widget-heading\" data-id=\"9ca71e4\" data-element_type=\"widget\" data-widget_type=\"heading.default\">\n\t\t\t\t<div class=\"elementor-widget-container\">\n\t\t\t<h2 class=\"elementor-heading-title elementor-size-default\">Media Contact<\/h2>\t\t<\/div>\n\t\t\t\t<\/div>\n\t\t\t\t<div class=\"elementor-element elementor-element-9ee70e7 elementor-widget elementor-widget-text-editor\" data-id=\"9ee70e7\" data-element_type=\"widget\" data-widget_type=\"text-editor.default\">\n\t\t\t\t<div class=\"elementor-widget-container\">\n\t\t\t\t\t\t\t<p>In order to provide you any additional material, contact with us through the following channels:<\/p>\n\t\t\t\t\t\t<\/div>\n\t\t\t\t<\/div>\n\t\t\t\t<div class=\"elementor-element elementor-element-d89cd88 elementor-widget__width-inherit elementor-icon-list--layout-inline elementor-widget elementor-widget-wgl-header-list-info\" data-id=\"d89cd88\" data-element_type=\"widget\" data-widget_type=\"wgl-header-list-info.default\">\n\t\t\t\t<div class=\"elementor-widget-container\">\n\t\t\t<ul class=\"wgl-header-list-info elementor-icon-list-items elementor-inline-items\"><li class=\"elementor-icon-list-item\" ><a href=\"mailto:natalia.romero@flobers.com\"><span class=\"wgl-header-list-icon elementor-icon-list-icon\"><i aria-hidden=\"true\" class=\"fas fa-envelope\"><\/i><\/span><span class=\"wgl-header-list-text elementor-icon-list-text\">natalia.romero@flobers.com<\/span><\/a><\/li><\/ul>\t\t<\/div>\n\t\t\t\t<\/div>\n\t\t\t\t<div class=\"elementor-element elementor-element-b9589f1 elementor-widget__width-inherit elementor-icon-list--layout-inline elementor-widget elementor-widget-wgl-header-list-info\" data-id=\"b9589f1\" data-element_type=\"widget\" data-widget_type=\"wgl-header-list-info.default\">\n\t\t\t\t<div class=\"elementor-widget-container\">\n\t\t\t<ul class=\"wgl-header-list-info elementor-icon-list-items elementor-inline-items\"><li class=\"elementor-icon-list-item\" ><a href=\"tel:+34686929405\"><span class=\"wgl-header-list-icon elementor-icon-list-icon\"><i aria-hidden=\"true\" class=\"fas fa-phone-alt\"><\/i><\/span><span class=\"wgl-header-list-text elementor-icon-list-text\">T. +34 686 929 405<\/span><\/a><\/li><\/ul>\t\t<\/div>\n\t\t\t\t<\/div>\n\t\t\t\t\t<\/div>\n\t\t<\/div>\n\t\t\t\t<div class=\"elementor-column elementor-col-50 elementor-inner-column elementor-element elementor-element-f00911e\" data-id=\"f00911e\" data-element_type=\"column\">\n\t\t\t<div class=\"elementor-widget-wrap elementor-element-populated\">\n\t\t\t\t\t\t\t\t<div class=\"elementor-element elementor-element-12c171e elementor-grid-widescreen-2 elementor-grid-laptop-2 elementor-grid-tablet_extra-2 elementor-grid-tablet-3 elementor-grid-mobile_extra-2 elementor-grid-2 elementor-grid-mobile-1 elementor-widget elementor-widget-flobers-files-group-list\" data-id=\"12c171e\" data-element_type=\"widget\" data-settings=\"{&quot;columns_widescreen&quot;:&quot;2&quot;,&quot;columns_laptop&quot;:&quot;2&quot;,&quot;columns_tablet_extra&quot;:&quot;2&quot;,&quot;columns_tablet&quot;:&quot;3&quot;,&quot;columns_mobile_extra&quot;:&quot;2&quot;,&quot;columns&quot;:&quot;2&quot;,&quot;columns_mobile&quot;:&quot;1&quot;}\" data-widget_type=\"flobers-files-group-list.default\">\n\t\t\t\t<div class=\"elementor-widget-container\">\n\t\t\t<div class=\"files-group\"><div class=\"file-group-card\"><div class=\"file-group-card__title-wrapper\"><h3 class=\"file-group-card__title\">Logos<\/h3><\/div><div class=\"file-group-card__excerpt\"><p>Download the corporate logo pack in png, jpg and svg formats<\/p><\/div><\/div><div class=\"file-group-card\"><div class=\"file-group-card__title-wrapper\"><h3 class=\"file-group-card__title\">Image Gallery<\/h3><\/div><div class=\"file-group-card__excerpt\"><p>Download the corporate image pack in png and jpg<\/p><\/div><\/div><div class=\"file-group-card\"><div class=\"file-group-card__title-wrapper\"><h3 class=\"file-group-card__title\">Documentaci\u00f3n<\/h3><\/div><div class=\"file-group-card__excerpt\"><p>Descarga nuestro dossier en pdf<\/p><\/div><\/div><div class=\"file-group-card\"><div class=\"file-group-card__title-wrapper\"><h3 class=\"file-group-card__title\">Dossiers de Marca<\/h3><\/div><div class=\"file-group-card__excerpt\"><p>Descarga nuestros dossiers y presentaciones corporativas en pdf<\/p><\/div><\/div><\/div>\t\t<\/div>\n\t\t\t\t<\/div>\n\t\t\t\t\t<\/div>\n\t\t<\/div>\n\t\t\t\t\t\t\t<\/div>\n\t\t<\/section>\n\t\t\t\t\t<\/div>\n\t\t<\/div>\n\t\t\t\t\t\t\t<\/div>\n\t\t<\/section>\n\t\t\t\t<section class=\"elementor-section elementor-top-section elementor-element elementor-element-8ac57b5 elementor-section-boxed elementor-section-height-default elementor-section-height-default\" data-id=\"8ac57b5\" data-element_type=\"section\">\n\t\t\t\t\t\t<div class=\"elementor-container elementor-column-gap-default\">\n\t\t\t\t\t<div class=\"elementor-column elementor-col-100 elementor-top-column elementor-element elementor-element-f13394d\" data-id=\"f13394d\" data-element_type=\"column\">\n\t\t\t<div class=\"elementor-widget-wrap elementor-element-populated\">\n\t\t\t\t\t\t\t\t<div class=\"elementor-element elementor-element-3aee5bf elementor-widget elementor-widget-spacer\" data-id=\"3aee5bf\" data-element_type=\"widget\" data-widget_type=\"spacer.default\">\n\t\t\t\t<div class=\"elementor-widget-container\">\n\t\t\t\t\t<div class=\"elementor-spacer\">\n\t\t\t<div class=\"elementor-spacer-inner\"><\/div>\n\t\t<\/div>\n\t\t\t\t<\/div>\n\t\t\t\t<\/div>\n\t\t\t\t\t<\/div>\n\t\t<\/div>\n\t\t\t\t\t\t\t<\/div>\n\t\t<\/section>\n\t\t\t\t<section class=\"elementor-section elementor-top-section elementor-element elementor-element-145f0d1 elementor-section-boxed elementor-section-height-default elementor-section-height-default\" data-id=\"145f0d1\" data-element_type=\"section\">\n\t\t\t\t\t\t<div class=\"elementor-container elementor-column-gap-default\">\n\t\t\t\t\t<div class=\"elementor-column elementor-col-100 elementor-top-column elementor-element elementor-element-be4b8d2\" data-id=\"be4b8d2\" data-element_type=\"column\">\n\t\t\t<div class=\"elementor-widget-wrap elementor-element-populated\">\n\t\t\t\t\t\t\t\t<div class=\"elementor-element elementor-element-030120b elementor-invisible elementor-widget elementor-widget-heading\" data-id=\"030120b\" data-element_type=\"widget\" data-settings=\"{&quot;_animation&quot;:&quot;fadeIn&quot;}\" data-widget_type=\"heading.default\">\n\t\t\t\t<div class=\"elementor-widget-container\">\n\t\t\t<h2 class=\"elementor-heading-title elementor-size-default\">Flobers in media<\/h2>\t\t<\/div>\n\t\t\t\t<\/div>\n\t\t\t\t<div class=\"elementor-element elementor-element-1e13265 elementor-widget elementor-widget-spacer\" data-id=\"1e13265\" data-element_type=\"widget\" data-widget_type=\"spacer.default\">\n\t\t\t\t<div class=\"elementor-widget-container\">\n\t\t\t\t\t<div class=\"elementor-spacer\">\n\t\t\t<div class=\"elementor-spacer-inner\"><\/div>\n\t\t<\/div>\n\t\t\t\t<\/div>\n\t\t\t\t<\/div>\n\t\t\t\t<div class=\"elementor-element elementor-element-6282f20 elementor-grid-3 elementor-grid-tablet-2 elementor-grid-mobile-1 elementor-widget elementor-widget-flobers-external-post\" data-id=\"6282f20\" data-element_type=\"widget\" data-settings=\"{&quot;columns&quot;:&quot;3&quot;,&quot;row_gap&quot;:{&quot;unit&quot;:&quot;px&quot;,&quot;size&quot;:60,&quot;sizes&quot;:[]},&quot;columns_tablet&quot;:&quot;2&quot;,&quot;columns_mobile&quot;:&quot;1&quot;,&quot;item_gap&quot;:{&quot;unit&quot;:&quot;px&quot;,&quot;size&quot;:&quot;&quot;,&quot;sizes&quot;:[]}}\" data-widget_type=\"flobers-external-post.default\">\n\t\t\t\t<div class=\"elementor-widget-container\">\n\t\t\t<div class=\"external-posts-list\"><div class=\"external-posts-item\"><div class=\"external-posts-item__image-wrapper\"><a href=\"https:\/\/www.ejecutivos.es\/entrevistas\/diana-plane-flobers\"><img decoding=\"async\" src=\"https:\/\/www.flobers.com\/wp-content\/uploads\/2023\/02\/NdP-Ejecutivos-Flobers-370x516.jpg\" alt=\"Entrevista Ejecutivos.com\" \/><\/a><\/div><div class=\"external-posts-item__content\"><div class=\"external-posts-item__title-wrapper\"><a href=\"https:\/\/www.ejecutivos.es\/entrevistas\/diana-plane-flobers\"><h3 class=\"external-posts-item__title\">Entrevista Ejecutivos.com<\/h3><\/a><\/div><span class=\"external-posts-item__read-more-wrapper\"><a href=\"https:\/\/www.ejecutivos.es\/entrevistas\/diana-plane-flobers\" class=\"external-posts-item__read-more\">Ver Art\u00edculo<span class=\"external-posts-item__read-more--icon\"><svg width=\"16\" height=\"17\" viewBox=\"0 0 16 17\" fill=\"none\" xmlns=\"http:\/\/www.w3.org\/2000\/svg\"><path d=\"M3.3335 8.18335H12.6668\" stroke=\"#F5A800\" stroke-width=\"1.5\" stroke-linecap=\"round\" stroke-linejoin=\"round\"\/><path d=\"M8 3.51666L12.6667 8.18333L8 12.85\" stroke=\"#F5A800\" stroke-width=\"1.5\" stroke-linecap=\"round\" stroke-linejoin=\"round\"\/><\/svg><\/span><\/a><\/div><\/div><div class=\"external-posts-item\"><div class=\"external-posts-item__image-wrapper\"><a href=\"http:\/\/capital-riesgo.es\/es\/articles\/flobers-financia-con-xito-el-proyecto-peon-a\/\"><img decoding=\"async\" src=\"https:\/\/www.flobers.com\/wp-content\/uploads\/2023\/02\/NdP-Capital-Riesgo-Flobers-370x516.jpg\" alt=\"Proyecto Peon\u00eda en Capital Riesgo\" \/><\/a><\/div><div class=\"external-posts-item__content\"><div class=\"external-posts-item__title-wrapper\"><a href=\"http:\/\/capital-riesgo.es\/es\/articles\/flobers-financia-con-xito-el-proyecto-peon-a\/\"><h3 class=\"external-posts-item__title\">Proyecto Peon\u00eda en Capital Riesgo<\/h3><\/a><\/div><span class=\"external-posts-item__read-more-wrapper\"><a href=\"http:\/\/capital-riesgo.es\/es\/articles\/flobers-financia-con-xito-el-proyecto-peon-a\/\" class=\"external-posts-item__read-more\">Ver Art\u00edculo<span class=\"external-posts-item__read-more--icon\"><svg width=\"16\" height=\"17\" viewBox=\"0 0 16 17\" fill=\"none\" xmlns=\"http:\/\/www.w3.org\/2000\/svg\"><path d=\"M3.3335 8.18335H12.6668\" stroke=\"#F5A800\" stroke-width=\"1.5\" stroke-linecap=\"round\" stroke-linejoin=\"round\"\/><path d=\"M8 3.51666L12.6667 8.18333L8 12.85\" stroke=\"#F5A800\" stroke-width=\"1.5\" stroke-linecap=\"round\" stroke-linejoin=\"round\"\/><\/svg><\/span><\/a><\/div><\/div><div class=\"external-posts-item\"><div class=\"external-posts-item__image-wrapper\"><a href=\"https:\/\/www.elconfidencial.com\/mercados\/2022-05-31\/plataforma-crowdfunding-energias-renovables-cnmv-proyectos_3430178\/\"><img decoding=\"async\" src=\"https:\/\/www.flobers.com\/wp-content\/uploads\/2023\/02\/NdP-Elconfidencial-Flobers-370x516.jpg\" alt=\"Autorizaci\u00f3n de la CNMV en El Confidencial\" \/><\/a><\/div><div class=\"external-posts-item__content\"><div class=\"external-posts-item__title-wrapper\"><a href=\"https:\/\/www.elconfidencial.com\/mercados\/2022-05-31\/plataforma-crowdfunding-energias-renovables-cnmv-proyectos_3430178\/\"><h3 class=\"external-posts-item__title\">Autorizaci\u00f3n de la CNMV en El Confidencial<\/h3><\/a><\/div><span class=\"external-posts-item__read-more-wrapper\"><a href=\"https:\/\/www.elconfidencial.com\/mercados\/2022-05-31\/plataforma-crowdfunding-energias-renovables-cnmv-proyectos_3430178\/\" class=\"external-posts-item__read-more\">Ver Art\u00edculo<span class=\"external-posts-item__read-more--icon\"><svg width=\"16\" height=\"17\" viewBox=\"0 0 16 17\" fill=\"none\" xmlns=\"http:\/\/www.w3.org\/2000\/svg\"><path d=\"M3.3335 8.18335H12.6668\" stroke=\"#F5A800\" stroke-width=\"1.5\" stroke-linecap=\"round\" stroke-linejoin=\"round\"\/><path d=\"M8 3.51666L12.6667 8.18333L8 12.85\" stroke=\"#F5A800\" stroke-width=\"1.5\" stroke-linecap=\"round\" stroke-linejoin=\"round\"\/><\/svg><\/span><\/a><\/div><\/div><\/div>\t\t<\/div>\n\t\t\t\t<\/div>\n\t\t\t\t\t<\/div>\n\t\t<\/div>\n\t\t\t\t\t\t\t<\/div>\n\t\t<\/section>\n\t\t\t\t<section class=\"elementor-section elementor-top-section elementor-element elementor-element-16defc1 elementor-section-boxed elementor-section-height-default elementor-section-height-default\" data-id=\"16defc1\" data-element_type=\"section\">\n\t\t\t\t\t\t<div class=\"elementor-container elementor-column-gap-default\">\n\t\t\t\t\t<div class=\"elementor-column elementor-col-100 elementor-top-column elementor-element elementor-element-e390b88\" data-id=\"e390b88\" data-element_type=\"column\">\n\t\t\t<div class=\"elementor-widget-wrap elementor-element-populated\">\n\t\t\t\t\t\t\t\t<div class=\"elementor-element elementor-element-05da94c elementor-widget elementor-widget-spacer\" data-id=\"05da94c\" data-element_type=\"widget\" data-widget_type=\"spacer.default\">\n\t\t\t\t<div class=\"elementor-widget-container\">\n\t\t\t\t\t<div class=\"elementor-spacer\">\n\t\t\t<div class=\"elementor-spacer-inner\"><\/div>\n\t\t<\/div>\n\t\t\t\t<\/div>\n\t\t\t\t<\/div>\n\t\t\t\t\t<\/div>\n\t\t<\/div>\n\t\t\t\t\t\t\t<\/div>\n\t\t<\/section>\n\t\t\t\t\t\t\t<\/div>\n\t\t","protected":false},"excerpt":{"rendered":"<p>Media Contact In order to provide you any additional material, contact with us through the following channels: natalia.romero@flobers.com T. +34 686 929 405 Logotipos Descarga el pack de logotipos corporativos en png, jpg y svg Descargar Ahora Galer\u00eda de im\u00e1genes Descarga el pack de im\u00e1genes corporativas en png, jpg y svg Descargar Ahora Documentaci\u00f3n Descarga [&hellip;]<\/p>\n","protected":false},"author":1,"featured_media":15482,"parent":15518,"menu_order":0,"comment_status":"closed","ping_status":"closed","template":"elementor_header_footer","meta":{"inline_featured_image":false,"footnotes":""},"class_list":["post-14004","page","type-page","status-publish","has-post-thumbnail","hentry"],"acf":[],"yoast_head":"<!-- This site is optimized with the Yoast SEO plugin v21.0 - https:\/\/yoast.com\/wordpress\/plugins\/seo\/ -->\n<title>Media Center | Flobers<\/title>\n<meta name=\"description\" content=\"The best crowdfunding platform to invest in renewable energy and contribute to improving our planet. Come in and meet Flobers!\" \/>\n<meta name=\"robots\" content=\"index, follow, max-snippet:-1, max-image-preview:large, max-video-preview:-1\" \/>\n<link rel=\"canonical\" href=\"https:\/\/www.flobers.com\/en\/resources\/media-center\" \/>\n<meta property=\"og:locale\" content=\"en_US\" \/>\n<meta property=\"og:type\" content=\"article\" \/>\n<meta property=\"og:title\" content=\"Media Center | Flobers\" \/>\n<meta property=\"og:description\" content=\"The best crowdfunding platform to invest in renewable energy and contribute to improving our planet. Come in and meet Flobers!\" \/>\n<meta property=\"og:url\" content=\"https:\/\/www.flobers.com\/en\/resources\/media-center\" \/>\n<meta property=\"og:site_name\" content=\"Flobers\" \/>\n<meta property=\"article:modified_time\" content=\"2023-09-25T09:54:53+00:00\" \/>\n<meta property=\"og:image\" content=\"https:\/\/www.flobers.com\/wp-content\/uploads\/2023\/04\/istockphoto-1282389517-2048x2048-1.jpg\" \/>\n\t<meta property=\"og:image:width\" content=\"1920\" \/>\n\t<meta property=\"og:image:height\" content=\"532\" \/>\n\t<meta property=\"og:image:type\" content=\"image\/jpeg\" \/>\n<meta name=\"twitter:card\" content=\"summary_large_image\" \/>\n<script type=\"application\/ld+json\" class=\"yoast-schema-graph\">{\"@context\":\"https:\/\/schema.org\",\"@graph\":[{\"@type\":\"WebPage\",\"@id\":\"https:\/\/www.flobers.com\/en\/resources\/media-center\",\"url\":\"https:\/\/www.flobers.com\/en\/resources\/media-center\",\"name\":\"Media Center | Flobers\",\"isPartOf\":{\"@id\":\"https:\/\/www.flobers.com\/en#website\"},\"datePublished\":\"2023-02-09T17:14:43+00:00\",\"dateModified\":\"2023-09-25T09:54:53+00:00\",\"description\":\"The best crowdfunding platform to invest in renewable energy and contribute to improving our planet. Come in and meet Flobers!\",\"breadcrumb\":{\"@id\":\"https:\/\/www.flobers.com\/en\/resources\/media-center#breadcrumb\"},\"inLanguage\":\"en-US\",\"potentialAction\":[{\"@type\":\"ReadAction\",\"target\":[\"https:\/\/www.flobers.com\/en\/resources\/media-center\"]}]},{\"@type\":\"BreadcrumbList\",\"@id\":\"https:\/\/www.flobers.com\/en\/resources\/media-center#breadcrumb\",\"itemListElement\":[{\"@type\":\"ListItem\",\"position\":1,\"name\":\"INICIO\",\"item\":\"https:\/\/www.flobers.com\/en\"},{\"@type\":\"ListItem\",\"position\":2,\"name\":\"Resources\",\"item\":\"https:\/\/www.flobers.com\/en\/resources\"},{\"@type\":\"ListItem\",\"position\":3,\"name\":\"Media Center\"}]},{\"@type\":\"WebSite\",\"@id\":\"https:\/\/www.flobers.com\/en#website\",\"url\":\"https:\/\/www.flobers.com\/en\",\"name\":\"Flobers\",\"description\":\"Invierte en proyectos de energ\u00edas renovables altamente rentables y mejora el futuro del planeta.\",\"publisher\":{\"@id\":\"https:\/\/www.flobers.com\/en#organization\"},\"potentialAction\":[{\"@type\":\"SearchAction\",\"target\":{\"@type\":\"EntryPoint\",\"urlTemplate\":\"https:\/\/www.flobers.com\/en?s={search_term_string}\"},\"query-input\":\"required name=search_term_string\"}],\"inLanguage\":\"en-US\"},{\"@type\":\"Organization\",\"@id\":\"https:\/\/www.flobers.com\/en#organization\",\"name\":\"Flobers\",\"url\":\"https:\/\/www.flobers.com\/en\",\"logo\":{\"@type\":\"ImageObject\",\"inLanguage\":\"en-US\",\"@id\":\"https:\/\/www.flobers.com\/en#\/schema\/logo\/image\/\",\"url\":\"https:\/\/www.flobers.com\/wp-content\/uploads\/2023\/03\/Logo-Flobers.svg\",\"contentUrl\":\"https:\/\/www.flobers.com\/wp-content\/uploads\/2023\/03\/Logo-Flobers.svg\",\"width\":891,\"height\":672,\"caption\":\"Flobers\"},\"image\":{\"@id\":\"https:\/\/www.flobers.com\/en#\/schema\/logo\/image\/\"}}]}<\/script>\n<!-- \/ Yoast SEO plugin. -->","yoast_head_json":{"title":"Media Center | Flobers","description":"The best crowdfunding platform to invest in renewable energy and contribute to improving our planet. Come in and meet Flobers!","robots":{"index":"index","follow":"follow","max-snippet":"max-snippet:-1","max-image-preview":"max-image-preview:large","max-video-preview":"max-video-preview:-1"},"canonical":"https:\/\/www.flobers.com\/en\/resources\/media-center","og_locale":"en_US","og_type":"article","og_title":"Media Center | Flobers","og_description":"The best crowdfunding platform to invest in renewable energy and contribute to improving our planet. Come in and meet Flobers!","og_url":"https:\/\/www.flobers.com\/en\/resources\/media-center","og_site_name":"Flobers","article_modified_time":"2023-09-25T09:54:53+00:00","og_image":[{"width":1920,"height":532,"url":"https:\/\/www.flobers.com\/wp-content\/uploads\/2023\/04\/istockphoto-1282389517-2048x2048-1.jpg","type":"image\/jpeg"}],"twitter_card":"summary_large_image","schema":{"@context":"https:\/\/schema.org","@graph":[{"@type":"WebPage","@id":"https:\/\/www.flobers.com\/en\/resources\/media-center","url":"https:\/\/www.flobers.com\/en\/resources\/media-center","name":"Media Center | Flobers","isPartOf":{"@id":"https:\/\/www.flobers.com\/en#website"},"datePublished":"2023-02-09T17:14:43+00:00","dateModified":"2023-09-25T09:54:53+00:00","description":"The best crowdfunding platform to invest in renewable energy and contribute to improving our planet. Come in and meet Flobers!","breadcrumb":{"@id":"https:\/\/www.flobers.com\/en\/resources\/media-center#breadcrumb"},"inLanguage":"en-US","potentialAction":[{"@type":"ReadAction","target":["https:\/\/www.flobers.com\/en\/resources\/media-center"]}]},{"@type":"BreadcrumbList","@id":"https:\/\/www.flobers.com\/en\/resources\/media-center#breadcrumb","itemListElement":[{"@type":"ListItem","position":1,"name":"INICIO","item":"https:\/\/www.flobers.com\/en"},{"@type":"ListItem","position":2,"name":"Resources","item":"https:\/\/www.flobers.com\/en\/resources"},{"@type":"ListItem","position":3,"name":"Media Center"}]},{"@type":"WebSite","@id":"https:\/\/www.flobers.com\/en#website","url":"https:\/\/www.flobers.com\/en","name":"Flobers","description":"Invierte en proyectos de energ\u00edas renovables altamente rentables y mejora el futuro del planeta.","publisher":{"@id":"https:\/\/www.flobers.com\/en#organization"},"potentialAction":[{"@type":"SearchAction","target":{"@type":"EntryPoint","urlTemplate":"https:\/\/www.flobers.com\/en?s={search_term_string}"},"query-input":"required name=search_term_string"}],"inLanguage":"en-US"},{"@type":"Organization","@id":"https:\/\/www.flobers.com\/en#organization","name":"Flobers","url":"https:\/\/www.flobers.com\/en","logo":{"@type":"ImageObject","inLanguage":"en-US","@id":"https:\/\/www.flobers.com\/en#\/schema\/logo\/image\/","url":"https:\/\/www.flobers.com\/wp-content\/uploads\/2023\/03\/Logo-Flobers.svg","contentUrl":"https:\/\/www.flobers.com\/wp-content\/uploads\/2023\/03\/Logo-Flobers.svg","width":891,"height":672,"caption":"Flobers"},"image":{"@id":"https:\/\/www.flobers.com\/en#\/schema\/logo\/image\/"}}]}},"_links":{"self":[{"href":"https:\/\/www.flobers.com\/en\/wp-json\/wp\/v2\/pages\/14004","targetHints":{"allow":["GET"]}}],"collection":[{"href":"https:\/\/www.flobers.com\/en\/wp-json\/wp\/v2\/pages"}],"about":[{"href":"https:\/\/www.flobers.com\/en\/wp-json\/wp\/v2\/types\/page"}],"author":[{"embeddable":true,"href":"https:\/\/www.flobers.com\/en\/wp-json\/wp\/v2\/users\/1"}],"replies":[{"embeddable":true,"href":"https:\/\/www.flobers.com\/en\/wp-json\/wp\/v2\/comments?post=14004"}],"version-history":[{"count":6,"href":"https:\/\/www.flobers.com\/en\/wp-json\/wp\/v2\/pages\/14004\/revisions"}],"predecessor-version":[{"id":18599,"href":"https:\/\/www.flobers.com\/en\/wp-json\/wp\/v2\/pages\/14004\/revisions\/18599"}],"up":[{"embeddable":true,"href":"https:\/\/www.flobers.com\/en\/wp-json\/wp\/v2\/pages\/15518"}],"wp:featuredmedia":[{"embeddable":true,"href":"https:\/\/www.flobers.com\/en\/wp-json\/wp\/v2\/media\/15482"}],"wp:attachment":[{"href":"https:\/\/www.flobers.com\/en\/wp-json\/wp\/v2\/media?parent=14004"}],"curies":[{"name":"wp","href":"https:\/\/api.w.org\/{rel}","templated":true}]}}